{"id":3483,"date":"2026-01-16T10:59:41","date_gmt":"2026-01-16T10:59:41","guid":{"rendered":"https:\/\/shop.wagnersystem.ch\/product\/s-pv-rail-kopie\/"},"modified":"2026-02-23T15:13:13","modified_gmt":"2026-02-23T15:13:13","slug":"s-pv-rail-kopie","status":"publish","type":"product","link":"https:\/\/shop.wagnersystem.ch\/fr\/produit\/s-pv-rail-kopie\/","title":{"rendered":"S+ PV-Rail"},"content":{"rendered":"","protected":false},"excerpt":{"rendered":"<p data-start=\"0\" data-end=\"217\">PV-rail est un syst\u00e8me de montage universel pour l\u2019installation verticale de modules photovolta\u00efques sur des cl\u00f4tures, des garde-corps de balcon, des bardages en bois et d\u2019autres montants porteurs en bois ou en m\u00e9tal.<\/p>\n<p data-start=\"219\" data-end=\"464\" data-is-last-node=\"\" data-is-only-node=\"\">Le syst\u00e8me convient parfaitement aux modules photovolta\u00efques avec ou sans cadre et peut \u00eatre utilis\u00e9 aussi bien dans les constructions neuves que lors de r\u00e9novations ou pour une installation photovolta\u00efque ult\u00e9rieure sur des b\u00e2timents existants.<\/p>\n<h3>DOWNLOADS<\/h3>\n[download_icon url=\"https:\/\/shop.wagnersystem.ch\/wp-content\/uploads\/2026\/01\/S_PV-RAIL-Montageanleitung-franzoesisch-02.pdf\" text=\"Notice de montage\" ]\n","protected":false},"featured_media":3590,"template":"","meta":{"_acf_changed":false,"_uag_custom_page_level_css":"","site-sidebar-layout":"default","site-content-layout":"","ast-site-content-layout":"default","site-content-style":"default","site-sidebar-style":"default","ast-global-header-display":"","ast-banner-title-visibility":"","ast-main-header-display":"","ast-hfb-above-header-display":"","ast-hfb-below-header-display":"","ast-hfb-mobile-header-display":"","site-post-title":"","ast-breadcrumbs-content":"","ast-featured-img":"","footer-sml-layout":"","ast-disable-related-posts":"","theme-transparent-header-meta":"default","adv-header-id-meta":"","stick-header-meta":"default","header-above-stick-meta":"","header-main-stick-meta":"","header-below-stick-meta":"","astra-migrate-meta-layouts":"set","ast-page-background-enabled":"default","ast-page-background-meta":{"desktop":{"background-color":"var(--ast-global-color-4)","background-image":"","background-repeat":"repeat","background-position":"center center","background-size":"auto","background-attachment":"scroll","background-type":"","background-media":"","overlay-type":"","overlay-color":"","overlay-opacity":"","overlay-gradient":""},"tablet":{"background-color":"","background-image":"","background-repeat":"repeat","background-position":"center center","background-size":"auto","background-attachment":"scroll","background-type":"","background-media":"","overlay-type":"","overlay-color":"","overlay-opacity":"","overlay-gradient":""},"mobile":{"background-color":"","background-image":"","background-repeat":"repeat","background-position":"center center","background-size":"auto","background-attachment":"scroll","background-type":"","background-media":"","overlay-type":"","overlay-color":"","overlay-opacity":"","overlay-gradient":""}},"ast-content-background-meta":{"desktop":{"background-color":"var(--ast-global-color-5)","background-image":"","background-repeat":"repeat","background-position":"center center","background-size":"auto","background-attachment":"scroll","background-type":"","background-media":"","overlay-type":"","overlay-color":"","overlay-opacity":"","overlay-gradient":""},"tablet":{"background-color":"var(--ast-global-color-5)","background-image":"","background-repeat":"repeat","background-position":"center center","background-size":"auto","background-attachment":"scroll","background-type":"","background-media":"","overlay-type":"","overlay-color":"","overlay-opacity":"","overlay-gradient":""},"mobile":{"background-color":"var(--ast-global-color-5)","background-image":"","background-repeat":"repeat","background-position":"center center","background-size":"auto","background-attachment":"scroll","background-type":"","background-media":"","overlay-type":"","overlay-color":"","overlay-opacity":"","overlay-gradient":""}}},"product_brand":[],"product_cat":[808],"product_tag":[],"class_list":{"0":"post-3483","1":"product","2":"type-product","3":"status-publish","4":"has-post-thumbnail","6":"product_cat-solar-fr","7":"desktop-align-left","8":"tablet-align-left","9":"mobile-align-left","10":"ast-product-gallery-layout-horizontal-slider","11":"ast-product-gallery-with-no-image","12":"ast-product-tabs-layout-vertical","14":"first","15":"instock","16":"downloadable","17":"virtual","18":"taxable","19":"purchasable","20":"product-type-composite"},"composite_virtual":false,"composite_layout":"single","composite_add_to_cart_form_location":"default","composite_editable_in_cart":false,"composite_sold_individually_context":"product","composite_shop_price_calc":"defaults","composite_components":[{"id":"1765533329","title":"MODULE \/","description":"","query_type":"product_ids","query_ids":[3602],"default_option_id":3602,"thumbnail_id":3283,"thumbnail_src":"","quantity_min":1,"quantity_max":1,"priced_individually":true,"shipped_individually":true,"optional":false,"discount":"","options_style":"dropdowns","pagination_style":"classic","display_prices":"absolute","show_sorting_options":false,"show_filtering_options":false,"attribute_filter_ids":[],"select_action":"view","product_title_visible":false,"product_descr_visible":false,"product_price_visible":false,"product_thumb_visible":false,"subtotal_visible_product":false,"subtotal_visible_cart":false,"subtotal_visible_orders":false},{"id":"1765533463","title":"\/ Support intermed. PV-Rail S+","description":"","query_type":"product_ids","query_ids":[3474],"default_option_id":3474,"thumbnail_id":3353,"thumbnail_src":"https:\/\/shop.wagnersystem.ch\/wp-content\/uploads\/2026\/01\/Glasmodul-Mittel-Halter-B-scaled.jpg","quantity_min":4,"quantity_max":400,"priced_individually":true,"shipped_individually":true,"optional":true,"discount":"","options_style":"dropdowns","pagination_style":"classic","display_prices":"absolute","show_sorting_options":false,"show_filtering_options":false,"attribute_filter_ids":[],"select_action":"view","product_title_visible":true,"product_descr_visible":true,"product_price_visible":true,"product_thumb_visible":true,"subtotal_visible_product":true,"subtotal_visible_cart":true,"subtotal_visible_orders":true},{"id":"1765877817","title":"\/ Support bord PV-Rail S+","description":"","query_type":"product_ids","query_ids":[3469],"default_option_id":3469,"thumbnail_id":"","thumbnail_src":"","quantity_min":4,"quantity_max":400,"priced_individually":true,"shipped_individually":true,"optional":true,"discount":"","options_style":"dropdowns","pagination_style":"classic","display_prices":"absolute","show_sorting_options":false,"show_filtering_options":false,"attribute_filter_ids":[],"select_action":"view","product_title_visible":true,"product_descr_visible":true,"product_price_visible":true,"product_thumb_visible":true,"subtotal_visible_product":true,"subtotal_visible_cart":true,"subtotal_visible_orders":true},{"id":"1765533464","title":"\/ Support intermed. 30mm S+","description":"","query_type":"product_ids","query_ids":[3517],"default_option_id":3517,"thumbnail_id":3283,"thumbnail_src":"","quantity_min":4,"quantity_max":400,"priced_individually":true,"shipped_individually":true,"optional":true,"discount":"","options_style":"dropdowns","pagination_style":"classic","display_prices":"absolute","show_sorting_options":false,"show_filtering_options":false,"attribute_filter_ids":[],"select_action":"view","product_title_visible":true,"product_descr_visible":true,"product_price_visible":true,"product_thumb_visible":true,"subtotal_visible_product":true,"subtotal_visible_cart":true,"subtotal_visible_orders":true},{"id":"1765877818","title":"\/ Support bord 30mm S+","description":"","query_type":"product_ids","query_ids":[3525],"default_option_id":3525,"thumbnail_id":"","thumbnail_src":"","quantity_min":4,"quantity_max":400,"priced_individually":true,"shipped_individually":true,"optional":true,"discount":"","options_style":"dropdowns","pagination_style":"classic","display_prices":"absolute","show_sorting_options":false,"show_filtering_options":false,"attribute_filter_ids":[],"select_action":"view","product_title_visible":true,"product_descr_visible":true,"product_price_visible":true,"product_thumb_visible":true,"subtotal_visible_product":true,"subtotal_visible_cart":true,"subtotal_visible_orders":true},{"id":"1765534253","title":"\/ Support intermed. 35mm S+","description":"","query_type":"product_ids","query_ids":[3523],"default_option_id":3523,"thumbnail_id":3283,"thumbnail_src":"","quantity_min":4,"quantity_max":400,"priced_individually":true,"shipped_individually":true,"optional":true,"discount":"","options_style":"dropdowns","pagination_style":"classic","display_prices":"absolute","show_sorting_options":false,"show_filtering_options":false,"attribute_filter_ids":[],"select_action":"view","product_title_visible":true,"product_descr_visible":true,"product_price_visible":true,"product_thumb_visible":true,"subtotal_visible_product":true,"subtotal_visible_cart":true,"subtotal_visible_orders":true},{"id":"1765877819","title":"\/ Support bord 35mm S+","description":"","query_type":"product_ids","query_ids":[3521],"default_option_id":3521,"thumbnail_id":"","thumbnail_src":"","quantity_min":4,"quantity_max":400,"priced_individually":true,"shipped_individually":true,"optional":true,"discount":"","options_style":"dropdowns","pagination_style":"classic","display_prices":"absolute","show_sorting_options":false,"show_filtering_options":false,"attribute_filter_ids":[],"select_action":"view","product_title_visible":true,"product_descr_visible":true,"product_price_visible":true,"product_thumb_visible":true,"subtotal_visible_product":true,"subtotal_visible_cart":true,"subtotal_visible_orders":true},{"id":"1765534254","title":"\/ Support intermed. 40mm S+","description":"","query_type":"product_ids","query_ids":[3519],"default_option_id":3519,"thumbnail_id":3283,"thumbnail_src":"","quantity_min":4,"quantity_max":400,"priced_individually":true,"shipped_individually":true,"optional":true,"discount":"","options_style":"dropdowns","pagination_style":"classic","display_prices":"absolute","show_sorting_options":false,"show_filtering_options":false,"attribute_filter_ids":[],"select_action":"view","product_title_visible":true,"product_descr_visible":true,"product_price_visible":true,"product_thumb_visible":true,"subtotal_visible_product":true,"subtotal_visible_cart":true,"subtotal_visible_orders":true},{"id":"1765877820","title":"\/ Support bord 40mm S+","description":"","query_type":"product_ids","query_ids":[3527],"default_option_id":3527,"thumbnail_id":"","thumbnail_src":"","quantity_min":4,"quantity_max":400,"priced_individually":true,"shipped_individually":true,"optional":true,"discount":"","options_style":"dropdowns","pagination_style":"classic","display_prices":"absolute","show_sorting_options":false,"show_filtering_options":false,"attribute_filter_ids":[],"select_action":"view","product_title_visible":true,"product_descr_visible":true,"product_price_visible":true,"product_thumb_visible":true,"subtotal_visible_product":true,"subtotal_visible_cart":true,"subtotal_visible_orders":true},{"id":"1765534255","title":"Profils \/ Profil porteur PV-Rail S+","description":"","query_type":"product_ids","query_ids":[3438],"default_option_id":3438,"thumbnail_id":3367,"thumbnail_src":"https:\/\/shop.wagnersystem.ch\/wp-content\/uploads\/2026\/01\/rail-scaled.jpg","quantity_min":1,"quantity_max":"","priced_individually":true,"shipped_individually":true,"optional":true,"discount":"","options_style":"radios","pagination_style":"classic","display_prices":"absolute","show_sorting_options":false,"show_filtering_options":false,"attribute_filter_ids":[],"select_action":"view","product_title_visible":true,"product_descr_visible":true,"product_price_visible":false,"product_thumb_visible":true,"subtotal_visible_product":true,"subtotal_visible_cart":true,"subtotal_visible_orders":true},{"id":"1765534256","title":"Accessoires \/ S\u00e9curit\u00e9 anti-glissement V S+","description":"","query_type":"product_ids","query_ids":[3460],"default_option_id":3460,"thumbnail_id":3371,"thumbnail_src":"https:\/\/shop.wagnersystem.ch\/wp-content\/uploads\/2026\/01\/Abrutschsicherung-bei-vertikalen-Montage-scaled.jpg","quantity_min":2,"quantity_max":200,"priced_individually":true,"shipped_individually":true,"optional":true,"discount":"","options_style":"radios","pagination_style":"classic","display_prices":"absolute","show_sorting_options":false,"show_filtering_options":false,"attribute_filter_ids":[],"select_action":"view","product_title_visible":true,"product_descr_visible":true,"product_price_visible":true,"product_thumb_visible":true,"subtotal_visible_product":true,"subtotal_visible_cart":true,"subtotal_visible_orders":true},{"id":"1765534257","title":"\/ S\u00e9curit\u00e9 anti-glissement H S+","description":"","query_type":"product_ids","query_ids":[3458],"default_option_id":3458,"thumbnail_id":3373,"thumbnail_src":"https:\/\/shop.wagnersystem.ch\/wp-content\/uploads\/2026\/01\/Abrutschsicherung-schwarz-scaled.jpg","quantity_min":3,"quantity_max":200,"priced_individually":true,"shipped_individually":true,"optional":true,"discount":"","options_style":"radios","pagination_style":"classic","display_prices":"absolute","show_sorting_options":false,"show_filtering_options":false,"attribute_filter_ids":[],"select_action":"view","product_title_visible":true,"product_descr_visible":true,"product_price_visible":true,"product_thumb_visible":true,"subtotal_visible_product":true,"subtotal_visible_cart":true,"subtotal_visible_orders":true},{"id":"1765534258","title":"\/ Serre-c\u00e2ble S+","description":"","query_type":"product_ids","query_ids":[3465],"default_option_id":3465,"thumbnail_id":3381,"thumbnail_src":"https:\/\/shop.wagnersystem.ch\/wp-content\/uploads\/2026\/01\/S-Kabelklemme.png","quantity_min":3,"quantity_max":300,"priced_individually":true,"shipped_individually":true,"optional":true,"discount":"","options_style":"radios","pagination_style":"classic","display_prices":"absolute","show_sorting_options":false,"show_filtering_options":false,"attribute_filter_ids":[],"select_action":"view","product_title_visible":true,"product_descr_visible":true,"product_price_visible":true,"product_thumb_visible":true,"subtotal_visible_product":true,"subtotal_visible_cart":true,"subtotal_visible_orders":true}],"composite_scenarios":[{"id":"1768406778","name":"Modul type 1 active","description":"","configuration":[{"component_id":"1765533329","options_modifier":"in","component_options":[3612]}],"actions":[{"action_id":"compat_group","is_active":false},{"action_id":"conditional_components","is_active":true,"hidden_components":["1765533464","1765877818","1765534253","1765877819","1765534254","1765877820"]},{"action_id":"conditional_options","is_active":false,"hidden_options":[]}],"enabled":true},{"id":"1768406779","name":"Modul type 2 active","description":"","configuration":[{"component_id":"1765533329","options_modifier":"in","component_options":[3613]}],"actions":[{"action_id":"compat_group","is_active":false},{"action_id":"conditional_components","is_active":true,"hidden_components":["1765533463","1765877817","1765534253","1765877819","1765534254","1765877820"]},{"action_id":"conditional_options","is_active":false,"hidden_options":[]}],"enabled":true},{"id":"1768406780","name":"Modul type 3 active","description":"","configuration":[{"component_id":"1765533329","options_modifier":"in","component_options":[3614]}],"actions":[{"action_id":"compat_group","is_active":false},{"action_id":"conditional_components","is_active":true,"hidden_components":["1765533463","1765877817","1765533464","1765877818","1765534254","1765877820"]},{"action_id":"conditional_options","is_active":false,"hidden_options":[]}],"enabled":true},{"id":"1768406781","name":"Modul type 4 active","description":"","configuration":[{"component_id":"1765533329","options_modifier":"in","component_options":[3615]}],"actions":[{"action_id":"compat_group","is_active":false},{"action_id":"conditional_components","is_active":true,"hidden_components":["1765533463","1765877817","1765533464","1765877818","1765534253","1765877819"]},{"action_id":"conditional_options","is_active":false,"hidden_options":[]}],"enabled":true}],"acf":[],"uagb_featured_image_src":{"full":["https:\/\/shop.wagnersystem.ch\/wp-content\/uploads\/2026\/01\/PV-Rail-scaled.jpg",2560,2560,false],"thumbnail":["https:\/\/shop.wagnersystem.ch\/wp-content\/uploads\/2026\/01\/PV-Rail-150x150.jpg",150,150,true],"medium":["https:\/\/shop.wagnersystem.ch\/wp-content\/uploads\/2026\/01\/PV-Rail-300x300.jpg",300,300,true],"medium_large":["https:\/\/shop.wagnersystem.ch\/wp-content\/uploads\/2026\/01\/PV-Rail-768x768.jpg",768,768,true],"large":["https:\/\/shop.wagnersystem.ch\/wp-content\/uploads\/2026\/01\/PV-Rail-1024x1024.jpg",1024,1024,true],"1536x1536":["https:\/\/shop.wagnersystem.ch\/wp-content\/uploads\/2026\/01\/PV-Rail-1536x1536.jpg",1536,1536,true],"2048x2048":["https:\/\/shop.wagnersystem.ch\/wp-content\/uploads\/2026\/01\/PV-Rail-2048x2048.jpg",2048,2048,true],"woocommerce_thumbnail":["https:\/\/shop.wagnersystem.ch\/wp-content\/uploads\/2026\/01\/PV-Rail-300x300.jpg",300,300,true],"woocommerce_single":["https:\/\/shop.wagnersystem.ch\/wp-content\/uploads\/2026\/01\/PV-Rail-600x600.jpg",600,600,true],"woocommerce_gallery_thumbnail":["https:\/\/shop.wagnersystem.ch\/wp-content\/uploads\/2026\/01\/PV-Rail-100x100.jpg",100,100,true],"variation_swatches_image_size":["https:\/\/shop.wagnersystem.ch\/wp-content\/uploads\/2026\/01\/PV-Rail-50x50.jpg",50,50,true],"variation_swatches_tooltip_size":["https:\/\/shop.wagnersystem.ch\/wp-content\/uploads\/2026\/01\/PV-Rail-100x100.jpg",100,100,true]},"uagb_author_info":{"display_name":"Fabio De Felice","author_link":"https:\/\/shop.wagnersystem.ch\/fr\/author\/"},"uagb_comment_info":0,"uagb_excerpt":"PV-rail est un syst\u00e8me de montage universel pour l\u2019installation verticale de modules photovolta\u00efques sur des cl\u00f4tures, des garde-corps de balcon, des bardages en bois et d\u2019autres montants porteurs en bois ou en m\u00e9tal. Le syst\u00e8me convient parfaitement aux modules photovolta\u00efques avec ou sans cadre et peut \u00eatre utilis\u00e9 aussi bien dans les constructions neuves que\u2026","_links":{"self":[{"href":"https:\/\/shop.wagnersystem.ch\/fr\/wp-json\/wp\/v2\/product\/3483","targetHints":{"allow":["GET"]}}],"collection":[{"href":"https:\/\/shop.wagnersystem.ch\/fr\/wp-json\/wp\/v2\/product"}],"about":[{"href":"https:\/\/shop.wagnersystem.ch\/fr\/wp-json\/wp\/v2\/types\/product"}],"wp:featuredmedia":[{"embeddable":true,"href":"https:\/\/shop.wagnersystem.ch\/fr\/wp-json\/wp\/v2\/media\/3590"}],"wp:attachment":[{"href":"https:\/\/shop.wagnersystem.ch\/fr\/wp-json\/wp\/v2\/media?parent=3483"}],"wp:term":[{"taxonomy":"product_brand","embeddable":true,"href":"https:\/\/shop.wagnersystem.ch\/fr\/wp-json\/wp\/v2\/product_brand?post=3483"},{"taxonomy":"product_cat","embeddable":true,"href":"https:\/\/shop.wagnersystem.ch\/fr\/wp-json\/wp\/v2\/product_cat?post=3483"},{"taxonomy":"product_tag","embeddable":true,"href":"https:\/\/shop.wagnersystem.ch\/fr\/wp-json\/wp\/v2\/product_tag?post=3483"}],"curies":[{"name":"wp","href":"https:\/\/api.w.org\/{rel}","templated":true}]}}