{"id":1438,"date":"2024-03-06T00:01:18","date_gmt":"2024-03-06T00:01:18","guid":{"rendered":"https:\/\/shop.wagnersystem.ch\/product\/wdk-opti-therm\/"},"modified":"2024-04-04T11:51:20","modified_gmt":"2024-04-04T11:51:20","slug":"wdk-opti-therm","status":"publish","type":"product","link":"https:\/\/shop.wagnersystem.ch\/fr\/produit\/wdk-opti-therm\/","title":{"rendered":"WDK-opti-therm"},"content":{"rendered":"","protected":false},"excerpt":{"rendered":"<h3>DESCRIPTION DU SYST\u00c8ME<\/h3>\n<p>Le syst\u00e8me WDK opti-therm horizontal est une sous-construction de fa\u00e7ade qui r\u00e9duit les ponts thermiques \u00e0 un minimum. Une absence de ponts thermiques d\u00e9pend de la distance du rideau et du nombre de pi\u00e8ces par m2. Il n&rsquo;est pas possible de calculer de mani\u00e8re homog\u00e8ne lors des v\u00e9rifications de la physique du b\u00e2timent. WDK opti-therm horizontal a un large domaine d&rsquo;application. Le plus souvent, le syst\u00e8me est combin\u00e9 avec un lattage en bois vertical. En raison de la hauteur du b\u00e2timent, des profil\u00e9s m\u00e9talliques verticaux peuvent \u00eatre utilis\u00e9s \u00e0 la place du lattage en bois. La sous-construction est un produit standard. Afin de proposer une solution \u00e9conomique, il est judicieux de demander conseil avant de d\u00e9poser une demande de permis de construire. Pour les r\u00e9novations de b\u00e2timents qui souhaitent r\u00e9aliser des \u00e9conomies de chaleur acceptables avec une faible \u00e9paisseur de construction, c&rsquo;est le domaine d&rsquo;application appropri\u00e9 pour WDK opti-therm horizontal. Les distances de rideau \u00e0 partir de 140 mm sont optimales pour ce syst\u00e8me et peuvent ainsi fournir une efficacit\u00e9 d&rsquo;isolation. Les joints de profil\u00e9s horizontaux sont r\u00e9alis\u00e9s de mani\u00e8re standard avec des raccords de profil\u00e9s, au point z\u00e9ro du moment entre les consoles (distance entre les consoles mm *0.2).<\/p>\n","protected":false},"featured_media":1085,"template":"","meta":{"_acf_changed":false,"_uag_custom_page_level_css":"","site-sidebar-layout":"default","site-content-layout":"","ast-site-content-layout":"default","site-content-style":"default","site-sidebar-style":"default","ast-global-header-display":"","ast-banner-title-visibility":"","ast-main-header-display":"","ast-hfb-above-header-display":"","ast-hfb-below-header-display":"","ast-hfb-mobile-header-display":"","site-post-title":"","ast-breadcrumbs-content":"","ast-featured-img":"","footer-sml-layout":"","ast-disable-related-posts":"","theme-transparent-header-meta":"default","adv-header-id-meta":"","stick-header-meta":"default","header-above-stick-meta":"","header-main-stick-meta":"","header-below-stick-meta":"","astra-migrate-meta-layouts":"set","ast-page-background-enabled":"default","ast-page-background-meta":{"desktop":{"background-color":"var(--ast-global-color-4)","background-image":"","background-repeat":"repeat","background-position":"center center","background-size":"auto","background-attachment":"scroll","background-type":"","background-media":"","overlay-type":"","overlay-color":"","overlay-opacity":"","overlay-gradient":""},"tablet":{"background-color":"","background-image":"","background-repeat":"repeat","background-position":"center center","background-size":"auto","background-attachment":"scroll","background-type":"","background-media":"","overlay-type":"","overlay-color":"","overlay-opacity":"","overlay-gradient":""},"mobile":{"background-color":"","background-image":"","background-repeat":"repeat","background-position":"center center","background-size":"auto","background-attachment":"scroll","background-type":"","background-media":"","overlay-type":"","overlay-color":"","overlay-opacity":"","overlay-gradient":""}},"ast-content-background-meta":{"desktop":{"background-color":"var(--ast-global-color-5)","background-image":"","background-repeat":"repeat","background-position":"center center","background-size":"auto","background-attachment":"scroll","background-type":"","background-media":"","overlay-type":"","overlay-color":"","overlay-opacity":"","overlay-gradient":""},"tablet":{"background-color":"var(--ast-global-color-5)","background-image":"","background-repeat":"repeat","background-position":"center center","background-size":"auto","background-attachment":"scroll","background-type":"","background-media":"","overlay-type":"","overlay-color":"","overlay-opacity":"","overlay-gradient":""},"mobile":{"background-color":"var(--ast-global-color-5)","background-image":"","background-repeat":"repeat","background-position":"center center","background-size":"auto","background-attachment":"scroll","background-type":"","background-media":"","overlay-type":"","overlay-color":"","overlay-opacity":"","overlay-gradient":""}}},"product_brand":[],"product_cat":[445],"product_tag":[],"class_list":{"0":"post-1438","1":"product","2":"type-product","3":"status-publish","4":"has-post-thumbnail","6":"product_cat-systemes","7":"desktop-align-left","8":"tablet-align-left","9":"mobile-align-left","10":"ast-product-gallery-layout-horizontal-slider","11":"ast-product-tabs-layout-vertical","13":"first","14":"instock","15":"virtual","16":"taxable","17":"purchasable","18":"product-type-composite"},"composite_virtual":false,"composite_layout":"single","composite_add_to_cart_form_location":"default","composite_editable_in_cart":false,"composite_sold_individually_context":"product","composite_shop_price_calc":"min_max","composite_components":[{"id":"1702590859","title":"Console \/ Consoles WDK-opti-therm","description":"","query_type":"product_ids","query_ids":[1339],"default_option_id":1339,"thumbnail_id":"","thumbnail_src":"","quantity_min":25,"quantity_max":"","priced_individually":true,"shipped_individually":true,"optional":true,"discount":"","options_style":"radios","pagination_style":"classic","display_prices":"absolute","show_sorting_options":false,"show_filtering_options":false,"attribute_filter_ids":[],"select_action":"view","product_title_visible":true,"product_descr_visible":true,"product_price_visible":true,"product_thumb_visible":true,"subtotal_visible_product":true,"subtotal_visible_cart":true,"subtotal_visible_orders":true},{"id":"1702590860","title":"Profils \/ Profil L Alu 47\u00d740\u00d72.00 mm","description":"","query_type":"product_ids","query_ids":[1232],"default_option_id":1232,"thumbnail_id":"","thumbnail_src":"","quantity_min":1,"quantity_max":"","priced_individually":true,"shipped_individually":true,"optional":true,"discount":"","options_style":"radios","pagination_style":"classic","display_prices":"absolute","show_sorting_options":false,"show_filtering_options":false,"attribute_filter_ids":[],"select_action":"view","product_title_visible":true,"product_descr_visible":false,"product_price_visible":false,"product_thumb_visible":true,"subtotal_visible_product":true,"subtotal_visible_cart":true,"subtotal_visible_orders":true},{"id":"1702590861","title":"\/ Profil\u00e9 en L en aluminium 47\u00d770\u00d72.00 mm","description":"","query_type":"product_ids","query_ids":[1255],"default_option_id":1255,"thumbnail_id":"","thumbnail_src":"","quantity_min":1,"quantity_max":"","priced_individually":true,"shipped_individually":true,"optional":true,"discount":"","options_style":"radios","pagination_style":"classic","display_prices":"absolute","show_sorting_options":false,"show_filtering_options":false,"attribute_filter_ids":[],"select_action":"view","product_title_visible":true,"product_descr_visible":false,"product_price_visible":false,"product_thumb_visible":true,"subtotal_visible_product":true,"subtotal_visible_cart":true,"subtotal_visible_orders":true},{"id":"1702590862","title":"\u00c9l\u00e9ments de fixation \/ Raccord de profil\u00e9 en aluminium 40\u00d7180\u00d72 mm","description":"","query_type":"product_ids","query_ids":[1407],"default_option_id":1407,"thumbnail_id":"","thumbnail_src":"","quantity_min":1,"quantity_max":"","priced_individually":true,"shipped_individually":true,"optional":true,"discount":"","options_style":"radios","pagination_style":"classic","display_prices":"absolute","show_sorting_options":false,"show_filtering_options":false,"attribute_filter_ids":[],"select_action":"view","product_title_visible":true,"product_descr_visible":true,"product_price_visible":true,"product_thumb_visible":true,"subtotal_visible_product":true,"subtotal_visible_cart":true,"subtotal_visible_orders":true},{"id":"1702590863","title":"\/ Vis auto-perceuse Inox 4.8\u00d719 mm ","description":"","query_type":"product_ids","query_ids":[1404,1519],"default_option_id":1404,"thumbnail_id":"","thumbnail_src":"","quantity_min":1,"quantity_max":"","priced_individually":true,"shipped_individually":true,"optional":true,"discount":"","options_style":"radios","pagination_style":"classic","display_prices":"absolute","show_sorting_options":false,"show_filtering_options":false,"attribute_filter_ids":[],"select_action":"view","product_title_visible":true,"product_descr_visible":true,"product_price_visible":true,"product_thumb_visible":true,"subtotal_visible_product":true,"subtotal_visible_cart":true,"subtotal_visible_orders":true},{"id":"1702590864","title":"\/ Fixation lattage porteur","description":"","query_type":"product_ids","query_ids":[1402,1400],"default_option_id":1402,"thumbnail_id":"","thumbnail_src":"","quantity_min":1,"quantity_max":"","priced_individually":true,"shipped_individually":true,"optional":true,"discount":"","options_style":"radios","pagination_style":"classic","display_prices":"absolute","show_sorting_options":false,"show_filtering_options":false,"attribute_filter_ids":[],"select_action":"view","product_title_visible":true,"product_descr_visible":true,"product_price_visible":true,"product_thumb_visible":true,"subtotal_visible_product":true,"subtotal_visible_cart":true,"subtotal_visible_orders":true},{"id":"1702590865","title":"Ancrages \/ Cheville de segment 8\u00d770mm","description":"","query_type":"product_ids","query_ids":[1415],"default_option_id":1415,"thumbnail_id":"","thumbnail_src":"","quantity_min":1,"quantity_max":"","priced_individually":true,"shipped_individually":true,"optional":true,"discount":"","options_style":"radios","pagination_style":"classic","display_prices":"absolute","show_sorting_options":false,"show_filtering_options":false,"attribute_filter_ids":[],"select_action":"view","product_title_visible":true,"product_descr_visible":true,"product_price_visible":true,"product_thumb_visible":true,"subtotal_visible_product":true,"subtotal_visible_cart":true,"subtotal_visible_orders":true},{"id":"1702590866","title":"\/ Chevilles \u00e0 tige longue Galvanis\u00e9 \u00e0 chaud","description":"","query_type":"product_ids","query_ids":[1417],"default_option_id":1417,"thumbnail_id":"","thumbnail_src":"","quantity_min":1,"quantity_max":"","priced_individually":true,"shipped_individually":true,"optional":true,"discount":"","options_style":"radios","pagination_style":"classic","display_prices":"absolute","show_sorting_options":false,"show_filtering_options":false,"attribute_filter_ids":[],"select_action":"view","product_title_visible":true,"product_descr_visible":true,"product_price_visible":true,"product_thumb_visible":true,"subtotal_visible_product":true,"subtotal_visible_cart":true,"subtotal_visible_orders":true},{"id":"1702590867","title":"Accessoires \/ Fixation d&#039;isolation Wagner","description":"","query_type":"product_ids","query_ids":[1408],"default_option_id":1408,"thumbnail_id":"","thumbnail_src":"","quantity_min":1,"quantity_max":"","priced_individually":true,"shipped_individually":true,"optional":true,"discount":"","options_style":"radios","pagination_style":"classic","display_prices":"absolute","show_sorting_options":false,"show_filtering_options":false,"attribute_filter_ids":[],"select_action":"view","product_title_visible":true,"product_descr_visible":true,"product_price_visible":true,"product_thumb_visible":true,"subtotal_visible_product":true,"subtotal_visible_cart":true,"subtotal_visible_orders":true}],"composite_scenarios":[],"acf":[],"uagb_featured_image_src":{"full":["https:\/\/shop.wagnersystem.ch\/wp-content\/uploads\/2023\/12\/opti-therm.png",1440,900,false],"thumbnail":["https:\/\/shop.wagnersystem.ch\/wp-content\/uploads\/2023\/12\/opti-therm-150x150.png",150,150,true],"medium":["https:\/\/shop.wagnersystem.ch\/wp-content\/uploads\/2023\/12\/opti-therm-300x188.png",300,188,true],"medium_large":["https:\/\/shop.wagnersystem.ch\/wp-content\/uploads\/2023\/12\/opti-therm-768x480.png",768,480,true],"large":["https:\/\/shop.wagnersystem.ch\/wp-content\/uploads\/2023\/12\/opti-therm-1024x640.png",1024,640,true],"1536x1536":["https:\/\/shop.wagnersystem.ch\/wp-content\/uploads\/2023\/12\/opti-therm.png",1440,900,false],"2048x2048":["https:\/\/shop.wagnersystem.ch\/wp-content\/uploads\/2023\/12\/opti-therm.png",1440,900,false],"woocommerce_thumbnail":["https:\/\/shop.wagnersystem.ch\/wp-content\/uploads\/2023\/12\/opti-therm-300x300.png",300,300,true],"woocommerce_single":["https:\/\/shop.wagnersystem.ch\/wp-content\/uploads\/2023\/12\/opti-therm-600x375.png",600,375,true],"woocommerce_gallery_thumbnail":["https:\/\/shop.wagnersystem.ch\/wp-content\/uploads\/2023\/12\/opti-therm-100x100.png",100,100,true],"variation_swatches_image_size":["https:\/\/shop.wagnersystem.ch\/wp-content\/uploads\/2023\/12\/opti-therm-50x50.png",50,50,true],"variation_swatches_tooltip_size":["https:\/\/shop.wagnersystem.ch\/wp-content\/uploads\/2023\/12\/opti-therm-100x100.png",100,100,true]},"uagb_author_info":{"display_name":"admin","author_link":"https:\/\/shop.wagnersystem.ch\/fr\/author\/"},"uagb_comment_info":0,"uagb_excerpt":"DESCRIPTION DU SYST\u00c8ME Le syst\u00e8me WDK opti-therm horizontal est une sous-construction de fa\u00e7ade qui r\u00e9duit les ponts thermiques \u00e0 un minimum. Une absence de ponts thermiques d\u00e9pend de la distance du rideau et du nombre de pi\u00e8ces par m2. Il n'est pas possible de calculer de mani\u00e8re homog\u00e8ne lors des v\u00e9rifications de la physique du\u2026","_links":{"self":[{"href":"https:\/\/shop.wagnersystem.ch\/fr\/wp-json\/wp\/v2\/product\/1438","targetHints":{"allow":["GET"]}}],"collection":[{"href":"https:\/\/shop.wagnersystem.ch\/fr\/wp-json\/wp\/v2\/product"}],"about":[{"href":"https:\/\/shop.wagnersystem.ch\/fr\/wp-json\/wp\/v2\/types\/product"}],"wp:featuredmedia":[{"embeddable":true,"href":"https:\/\/shop.wagnersystem.ch\/fr\/wp-json\/wp\/v2\/media\/1085"}],"wp:attachment":[{"href":"https:\/\/shop.wagnersystem.ch\/fr\/wp-json\/wp\/v2\/media?parent=1438"}],"wp:term":[{"taxonomy":"product_brand","embeddable":true,"href":"https:\/\/shop.wagnersystem.ch\/fr\/wp-json\/wp\/v2\/product_brand?post=1438"},{"taxonomy":"product_cat","embeddable":true,"href":"https:\/\/shop.wagnersystem.ch\/fr\/wp-json\/wp\/v2\/product_cat?post=1438"},{"taxonomy":"product_tag","embeddable":true,"href":"https:\/\/shop.wagnersystem.ch\/fr\/wp-json\/wp\/v2\/product_tag?post=1438"}],"curies":[{"name":"wp","href":"https:\/\/api.w.org\/{rel}","templated":true}]}}