{"id":1243,"date":"2024-03-04T00:30:11","date_gmt":"2024-03-04T00:30:11","guid":{"rendered":"https:\/\/shop.wagnersystem.ch\/product\/profile-en-l-alu-60x40x2-00mm\/"},"modified":"2024-04-11T12:19:18","modified_gmt":"2024-04-11T12:19:18","slug":"profile-en-l-alu-60x40x2-00mm","status":"publish","type":"product","link":"https:\/\/shop.wagnersystem.ch\/fr\/produit\/profile-en-l-alu-60x40x2-00mm\/","title":{"rendered":"Profil\u00e9 en L alu 60\u00d740\u00d72.00mm"},"content":{"rendered":"","protected":false},"excerpt":{"rendered":"","protected":false},"featured_media":1118,"template":"","meta":{"_acf_changed":false,"_uag_custom_page_level_css":"","site-sidebar-layout":"default","site-content-layout":"","ast-site-content-layout":"default","site-content-style":"default","site-sidebar-style":"default","ast-global-header-display":"","ast-banner-title-visibility":"","ast-main-header-display":"","ast-hfb-above-header-display":"","ast-hfb-below-header-display":"","ast-hfb-mobile-header-display":"","site-post-title":"","ast-breadcrumbs-content":"","ast-featured-img":"","footer-sml-layout":"","ast-disable-related-posts":"","theme-transparent-header-meta":"default","adv-header-id-meta":"","stick-header-meta":"default","header-above-stick-meta":"","header-main-stick-meta":"","header-below-stick-meta":"","astra-migrate-meta-layouts":"set","ast-page-background-enabled":"default","ast-page-background-meta":{"desktop":{"background-color":"var(--ast-global-color-4)","background-image":"","background-repeat":"repeat","background-position":"center center","background-size":"auto","background-attachment":"scroll","background-type":"","background-media":"","overlay-type":"","overlay-color":"","overlay-opacity":"","overlay-gradient":""},"tablet":{"background-color":"","background-image":"","background-repeat":"repeat","background-position":"center center","background-size":"auto","background-attachment":"scroll","background-type":"","background-media":"","overlay-type":"","overlay-color":"","overlay-opacity":"","overlay-gradient":""},"mobile":{"background-color":"","background-image":"","background-repeat":"repeat","background-position":"center center","background-size":"auto","background-attachment":"scroll","background-type":"","background-media":"","overlay-type":"","overlay-color":"","overlay-opacity":"","overlay-gradient":""}},"ast-content-background-meta":{"desktop":{"background-color":"var(--ast-global-color-5)","background-image":"","background-repeat":"repeat","background-position":"center center","background-size":"auto","background-attachment":"scroll","background-type":"","background-media":"","overlay-type":"","overlay-color":"","overlay-opacity":"","overlay-gradient":""},"tablet":{"background-color":"var(--ast-global-color-5)","background-image":"","background-repeat":"repeat","background-position":"center center","background-size":"auto","background-attachment":"scroll","background-type":"","background-media":"","overlay-type":"","overlay-color":"","overlay-opacity":"","overlay-gradient":""},"mobile":{"background-color":"var(--ast-global-color-5)","background-image":"","background-repeat":"repeat","background-position":"center center","background-size":"auto","background-attachment":"scroll","background-type":"","background-media":"","overlay-type":"","overlay-color":"","overlay-opacity":"","overlay-gradient":""}}},"product_brand":[],"product_cat":[444],"product_tag":[],"class_list":{"0":"post-1243","1":"product","2":"type-product","3":"status-publish","4":"has-post-thumbnail","6":"product_cat-profils","7":"pa_profil-art-profil-l","8":"desktop-align-left","9":"tablet-align-left","10":"mobile-align-left","11":"ast-product-gallery-layout-horizontal-slider","12":"ast-product-tabs-layout-vertical","14":"first","15":"instock","16":"taxable","17":"shipping-taxable","18":"purchasable","19":"product-type-simple"},"composite_virtual":false,"composite_layout":"","composite_add_to_cart_form_location":"","composite_editable_in_cart":false,"composite_sold_individually_context":"","composite_shop_price_calc":"","composite_components":[],"composite_scenarios":[],"acf":[],"uagb_featured_image_src":{"full":["https:\/\/shop.wagnersystem.ch\/wp-content\/uploads\/2024\/03\/L-Profil-60-40-2.0.png",1440,900,false],"thumbnail":["https:\/\/shop.wagnersystem.ch\/wp-content\/uploads\/2024\/03\/L-Profil-60-40-2.0-150x150.png",150,150,true],"medium":["https:\/\/shop.wagnersystem.ch\/wp-content\/uploads\/2024\/03\/L-Profil-60-40-2.0-300x188.png",300,188,true],"medium_large":["https:\/\/shop.wagnersystem.ch\/wp-content\/uploads\/2024\/03\/L-Profil-60-40-2.0-768x480.png",768,480,true],"large":["https:\/\/shop.wagnersystem.ch\/wp-content\/uploads\/2024\/03\/L-Profil-60-40-2.0-1024x640.png",1024,640,true],"1536x1536":["https:\/\/shop.wagnersystem.ch\/wp-content\/uploads\/2024\/03\/L-Profil-60-40-2.0.png",1440,900,false],"2048x2048":["https:\/\/shop.wagnersystem.ch\/wp-content\/uploads\/2024\/03\/L-Profil-60-40-2.0.png",1440,900,false],"woocommerce_thumbnail":["https:\/\/shop.wagnersystem.ch\/wp-content\/uploads\/2024\/03\/L-Profil-60-40-2.0-300x300.png",300,300,true],"woocommerce_single":["https:\/\/shop.wagnersystem.ch\/wp-content\/uploads\/2024\/03\/L-Profil-60-40-2.0-600x375.png",600,375,true],"woocommerce_gallery_thumbnail":["https:\/\/shop.wagnersystem.ch\/wp-content\/uploads\/2024\/03\/L-Profil-60-40-2.0-100x100.png",100,100,true],"variation_swatches_image_size":["https:\/\/shop.wagnersystem.ch\/wp-content\/uploads\/2024\/03\/L-Profil-60-40-2.0-50x50.png",50,50,true],"variation_swatches_tooltip_size":["https:\/\/shop.wagnersystem.ch\/wp-content\/uploads\/2024\/03\/L-Profil-60-40-2.0-100x100.png",100,100,true]},"uagb_author_info":{"display_name":"admin","author_link":"https:\/\/shop.wagnersystem.ch\/fr\/author\/"},"uagb_comment_info":0,"uagb_excerpt":null,"_links":{"self":[{"href":"https:\/\/shop.wagnersystem.ch\/fr\/wp-json\/wp\/v2\/product\/1243","targetHints":{"allow":["GET"]}}],"collection":[{"href":"https:\/\/shop.wagnersystem.ch\/fr\/wp-json\/wp\/v2\/product"}],"about":[{"href":"https:\/\/shop.wagnersystem.ch\/fr\/wp-json\/wp\/v2\/types\/product"}],"wp:featuredmedia":[{"embeddable":true,"href":"https:\/\/shop.wagnersystem.ch\/fr\/wp-json\/wp\/v2\/media\/1118"}],"wp:attachment":[{"href":"https:\/\/shop.wagnersystem.ch\/fr\/wp-json\/wp\/v2\/media?parent=1243"}],"wp:term":[{"taxonomy":"product_brand","embeddable":true,"href":"https:\/\/shop.wagnersystem.ch\/fr\/wp-json\/wp\/v2\/product_brand?post=1243"},{"taxonomy":"product_cat","embeddable":true,"href":"https:\/\/shop.wagnersystem.ch\/fr\/wp-json\/wp\/v2\/product_cat?post=1243"},{"taxonomy":"product_tag","embeddable":true,"href":"https:\/\/shop.wagnersystem.ch\/fr\/wp-json\/wp\/v2\/product_tag?post=1243"}],"curies":[{"name":"wp","href":"https:\/\/api.w.org\/{rel}","templated":true}]}}