{"id":1221,"date":"2024-03-06T00:01:03","date_gmt":"2024-03-06T00:01:03","guid":{"rendered":"https:\/\/shop.wagnersystem.ch\/product\/rapido-h\/"},"modified":"2024-04-04T23:55:28","modified_gmt":"2024-04-04T23:55:28","slug":"rapido-h","status":"publish","type":"product","link":"https:\/\/shop.wagnersystem.ch\/fr\/produit\/rapido-h\/","title":{"rendered":"Rapido H"},"content":{"rendered":"","protected":false},"excerpt":{"rendered":"<h3>DESCRIPTIF DU SYST\u00c8ME<\/h3>\n<p>La sous-construction de type <strong>Rapido H<\/strong> convient \u00e0 une application horizontale. Le plus souvent, le syst\u00e8me est combin\u00e9 avec un lattage en bois vertical et peut ainsi \u00eatre utilis\u00e9 jusqu&rsquo;\u00e0 la limite des b\u00e2timents de haut. \u00e9lev\u00e9s. En cas d&rsquo;utilisation \u00e0 proximit\u00e9 d&rsquo;un b\u00e2timent \u00e9lev\u00e9, les profil\u00e9s porteurs des plaques sont r\u00e9alis\u00e9s en m\u00e9tal.  <\/p>\n<h3>DOWNLOADS<\/h3>\n<p>[download_icon url=\"https:\/\/www.wagnersystem.ch\/fileadmin\/wagner\/Systeme\/Rapido_H\/fiche_Rapido_h_f.pdf\" text=\"Fiche d'information sur les produits\"][download_icon url=\"https:\/\/www.wagnersystem.ch\/fileadmin\/wagner\/Systeme\/Rapido_H\/01_14_1203docf_Rapido_H.pdf\" text=\"Documentation\"][download_icon url=\"https:\/\/www.wagnersystem.ch\/fileadmin\/wagner\/Systeme\/Rapido_H\/Apercu_Rapido_H_120706.zip\" text=\"Donn\u00e9es CAD consoles\/profils\"]<\/p>\n","protected":false},"featured_media":1079,"template":"","meta":{"_acf_changed":false,"_uag_custom_page_level_css":"","site-sidebar-layout":"default","site-content-layout":"","ast-site-content-layout":"default","site-content-style":"default","site-sidebar-style":"default","ast-global-header-display":"","ast-banner-title-visibility":"","ast-main-header-display":"","ast-hfb-above-header-display":"","ast-hfb-below-header-display":"","ast-hfb-mobile-header-display":"","site-post-title":"","ast-breadcrumbs-content":"","ast-featured-img":"","footer-sml-layout":"","ast-disable-related-posts":"","theme-transparent-header-meta":"default","adv-header-id-meta":"","stick-header-meta":"default","header-above-stick-meta":"","header-main-stick-meta":"","header-below-stick-meta":"","astra-migrate-meta-layouts":"set","ast-page-background-enabled":"default","ast-page-background-meta":{"desktop":{"background-color":"var(--ast-global-color-4)","background-image":"","background-repeat":"repeat","background-position":"center center","background-size":"auto","background-attachment":"scroll","background-type":"","background-media":"","overlay-type":"","overlay-color":"","overlay-opacity":"","overlay-gradient":""},"tablet":{"background-color":"","background-image":"","background-repeat":"repeat","background-position":"center center","background-size":"auto","background-attachment":"scroll","background-type":"","background-media":"","overlay-type":"","overlay-color":"","overlay-opacity":"","overlay-gradient":""},"mobile":{"background-color":"","background-image":"","background-repeat":"repeat","background-position":"center center","background-size":"auto","background-attachment":"scroll","background-type":"","background-media":"","overlay-type":"","overlay-color":"","overlay-opacity":"","overlay-gradient":""}},"ast-content-background-meta":{"desktop":{"background-color":"var(--ast-global-color-5)","background-image":"","background-repeat":"repeat","background-position":"center center","background-size":"auto","background-attachment":"scroll","background-type":"","background-media":"","overlay-type":"","overlay-color":"","overlay-opacity":"","overlay-gradient":""},"tablet":{"background-color":"var(--ast-global-color-5)","background-image":"","background-repeat":"repeat","background-position":"center center","background-size":"auto","background-attachment":"scroll","background-type":"","background-media":"","overlay-type":"","overlay-color":"","overlay-opacity":"","overlay-gradient":""},"mobile":{"background-color":"var(--ast-global-color-5)","background-image":"","background-repeat":"repeat","background-position":"center center","background-size":"auto","background-attachment":"scroll","background-type":"","background-media":"","overlay-type":"","overlay-color":"","overlay-opacity":"","overlay-gradient":""}}},"product_brand":[],"product_cat":[445],"product_tag":[],"class_list":{"0":"post-1221","1":"product","2":"type-product","3":"status-publish","4":"has-post-thumbnail","6":"product_cat-systemes","7":"desktop-align-left","8":"tablet-align-left","9":"mobile-align-left","10":"ast-product-gallery-layout-horizontal-slider","11":"ast-product-tabs-layout-vertical","13":"first","14":"instock","15":"virtual","16":"taxable","17":"purchasable","18":"product-type-composite"},"composite_virtual":false,"composite_layout":"single","composite_add_to_cart_form_location":"default","composite_editable_in_cart":false,"composite_sold_individually_context":"product","composite_shop_price_calc":"min_max","composite_components":[{"id":"1693097764","title":"Consoles \/ Console Rapido H incl. Tek","description":"","query_type":"product_ids","query_ids":[1222],"default_option_id":1222,"thumbnail_id":"","thumbnail_src":"","quantity_min":25,"quantity_max":"","priced_individually":true,"shipped_individually":true,"optional":true,"discount":"","options_style":"radios","pagination_style":"classic","display_prices":"absolute","show_sorting_options":false,"show_filtering_options":false,"attribute_filter_ids":[],"select_action":"view","product_title_visible":false,"product_descr_visible":false,"product_price_visible":true,"product_thumb_visible":true,"subtotal_visible_product":true,"subtotal_visible_cart":true,"subtotal_visible_orders":true},{"id":"1693097765","title":"Profil\u00e9s \/ Profil\u00e9 en L en aluminium 47x40\u00d72.00 mm","description":"","query_type":"product_ids","query_ids":[1232],"default_option_id":1232,"thumbnail_id":"","thumbnail_src":"","quantity_min":1,"quantity_max":"","priced_individually":true,"shipped_individually":true,"optional":true,"discount":"","options_style":"radios","pagination_style":"classic","display_prices":"absolute","show_sorting_options":false,"show_filtering_options":false,"attribute_filter_ids":[],"select_action":"view","product_title_visible":false,"product_descr_visible":false,"product_price_visible":false,"product_thumb_visible":true,"subtotal_visible_product":true,"subtotal_visible_cart":true,"subtotal_visible_orders":true},{"id":"1701215919","title":"\/ Profil\u00e9 en L en aluminium 47\u00d770\u00d72.00 mm","description":"","query_type":"product_ids","query_ids":[1255],"default_option_id":1255,"thumbnail_id":"","thumbnail_src":"","quantity_min":1,"quantity_max":"","priced_individually":true,"shipped_individually":true,"optional":true,"discount":"","options_style":"radios","pagination_style":"classic","display_prices":"absolute","show_sorting_options":false,"show_filtering_options":false,"attribute_filter_ids":[],"select_action":"view","product_title_visible":false,"product_descr_visible":false,"product_price_visible":false,"product_thumb_visible":true,"subtotal_visible_product":true,"subtotal_visible_cart":true,"subtotal_visible_orders":true},{"id":"1696923064","title":"\u00c9l\u00e9ments de fixation \/ Raccord de profil\u00e9 en aluminium 40\u00d7180\u00d72 mm","description":"","query_type":"product_ids","query_ids":[1407],"default_option_id":1407,"thumbnail_id":"","thumbnail_src":"","quantity_min":1,"quantity_max":"","priced_individually":true,"shipped_individually":true,"optional":true,"discount":"","options_style":"radios","pagination_style":"classic","display_prices":"absolute","show_sorting_options":false,"show_filtering_options":false,"attribute_filter_ids":[],"select_action":"view","product_title_visible":false,"product_descr_visible":false,"product_price_visible":true,"product_thumb_visible":true,"subtotal_visible_product":true,"subtotal_visible_cart":true,"subtotal_visible_orders":true},{"id":"1696923061","title":"\/ Vis autoforeuse Inox 4.8x19 mm","description":"","query_type":"product_ids","query_ids":[1404,1519],"default_option_id":1404,"thumbnail_id":"","thumbnail_src":"","quantity_min":1,"quantity_max":"","priced_individually":true,"shipped_individually":true,"optional":true,"discount":"","options_style":"radios","pagination_style":"classic","display_prices":"absolute","show_sorting_options":false,"show_filtering_options":false,"attribute_filter_ids":[],"select_action":"view","product_title_visible":false,"product_descr_visible":false,"product_price_visible":true,"product_thumb_visible":true,"subtotal_visible_product":true,"subtotal_visible_cart":true,"subtotal_visible_orders":true},{"id":"1696923062","title":"\/ Fixation lattage porteur","description":"","query_type":"product_ids","query_ids":[1402,1400],"default_option_id":1402,"thumbnail_id":"","thumbnail_src":"","quantity_min":1,"quantity_max":"","priced_individually":true,"shipped_individually":true,"optional":true,"discount":"","options_style":"radios","pagination_style":"classic","display_prices":"absolute","show_sorting_options":false,"show_filtering_options":false,"attribute_filter_ids":[],"select_action":"view","product_title_visible":false,"product_descr_visible":false,"product_price_visible":true,"product_thumb_visible":true,"subtotal_visible_product":true,"subtotal_visible_cart":true,"subtotal_visible_orders":true},{"id":"1696969795","title":"Ancrages \/ Boulon d&#039;ancrage 8x70 mm","description":"","query_type":"product_ids","query_ids":[1415],"default_option_id":1415,"thumbnail_id":"","thumbnail_src":"","quantity_min":1,"quantity_max":"","priced_individually":true,"shipped_individually":true,"optional":true,"discount":"","options_style":"radios","pagination_style":"classic","display_prices":"absolute","show_sorting_options":false,"show_filtering_options":false,"attribute_filter_ids":[],"select_action":"view","product_title_visible":false,"product_descr_visible":false,"product_price_visible":true,"product_thumb_visible":true,"subtotal_visible_product":true,"subtotal_visible_cart":true,"subtotal_visible_orders":true},{"id":"1696969796","title":"\/ Chevilles \u00e0 tige longue Galvanis\u00e9 \u00e0 chaud","description":"","query_type":"product_ids","query_ids":[1417],"default_option_id":1417,"thumbnail_id":"","thumbnail_src":"","quantity_min":1,"quantity_max":"","priced_individually":true,"shipped_individually":true,"optional":true,"discount":"","options_style":"radios","pagination_style":"classic","display_prices":"absolute","show_sorting_options":false,"show_filtering_options":false,"attribute_filter_ids":[],"select_action":"view","product_title_visible":false,"product_descr_visible":false,"product_price_visible":true,"product_thumb_visible":true,"subtotal_visible_product":true,"subtotal_visible_cart":true,"subtotal_visible_orders":true},{"id":"1693696954","title":"Accessoires \/ Fixation d&#039;isolation Wagner","description":"","query_type":"product_ids","query_ids":[1408],"default_option_id":1408,"thumbnail_id":"","thumbnail_src":"","quantity_min":1,"quantity_max":"","priced_individually":true,"shipped_individually":true,"optional":true,"discount":"","options_style":"radios","pagination_style":"classic","display_prices":"absolute","show_sorting_options":false,"show_filtering_options":false,"attribute_filter_ids":[],"select_action":"view","product_title_visible":false,"product_descr_visible":false,"product_price_visible":true,"product_thumb_visible":true,"subtotal_visible_product":true,"subtotal_visible_cart":true,"subtotal_visible_orders":true}],"composite_scenarios":[],"acf":[],"uagb_featured_image_src":{"full":["https:\/\/shop.wagnersystem.ch\/wp-content\/uploads\/2023\/08\/Rapido-H.png",1440,900,false],"thumbnail":["https:\/\/shop.wagnersystem.ch\/wp-content\/uploads\/2023\/08\/Rapido-H-150x150.png",150,150,true],"medium":["https:\/\/shop.wagnersystem.ch\/wp-content\/uploads\/2023\/08\/Rapido-H-300x188.png",300,188,true],"medium_large":["https:\/\/shop.wagnersystem.ch\/wp-content\/uploads\/2023\/08\/Rapido-H-768x480.png",768,480,true],"large":["https:\/\/shop.wagnersystem.ch\/wp-content\/uploads\/2023\/08\/Rapido-H-1024x640.png",1024,640,true],"1536x1536":["https:\/\/shop.wagnersystem.ch\/wp-content\/uploads\/2023\/08\/Rapido-H.png",1440,900,false],"2048x2048":["https:\/\/shop.wagnersystem.ch\/wp-content\/uploads\/2023\/08\/Rapido-H.png",1440,900,false],"woocommerce_thumbnail":["https:\/\/shop.wagnersystem.ch\/wp-content\/uploads\/2023\/08\/Rapido-H-300x300.png",300,300,true],"woocommerce_single":["https:\/\/shop.wagnersystem.ch\/wp-content\/uploads\/2023\/08\/Rapido-H-600x375.png",600,375,true],"woocommerce_gallery_thumbnail":["https:\/\/shop.wagnersystem.ch\/wp-content\/uploads\/2023\/08\/Rapido-H-100x100.png",100,100,true],"variation_swatches_image_size":["https:\/\/shop.wagnersystem.ch\/wp-content\/uploads\/2023\/08\/Rapido-H-50x50.png",50,50,true],"variation_swatches_tooltip_size":["https:\/\/shop.wagnersystem.ch\/wp-content\/uploads\/2023\/08\/Rapido-H-100x100.png",100,100,true]},"uagb_author_info":{"display_name":"admin","author_link":"https:\/\/shop.wagnersystem.ch\/fr\/author\/"},"uagb_comment_info":0,"uagb_excerpt":"DESCRIPTIF DU SYST\u00c8ME La sous-construction de type Rapido H convient \u00e0 une application horizontale. Le plus souvent, le syst\u00e8me est combin\u00e9 avec un lattage en bois vertical et peut ainsi \u00eatre utilis\u00e9 jusqu'\u00e0 la limite des b\u00e2timents de haut. \u00e9lev\u00e9s. En cas d'utilisation \u00e0 proximit\u00e9 d'un b\u00e2timent \u00e9lev\u00e9, les profil\u00e9s porteurs des plaques sont r\u00e9alis\u00e9s\u2026","_links":{"self":[{"href":"https:\/\/shop.wagnersystem.ch\/fr\/wp-json\/wp\/v2\/product\/1221","targetHints":{"allow":["GET"]}}],"collection":[{"href":"https:\/\/shop.wagnersystem.ch\/fr\/wp-json\/wp\/v2\/product"}],"about":[{"href":"https:\/\/shop.wagnersystem.ch\/fr\/wp-json\/wp\/v2\/types\/product"}],"wp:featuredmedia":[{"embeddable":true,"href":"https:\/\/shop.wagnersystem.ch\/fr\/wp-json\/wp\/v2\/media\/1079"}],"wp:attachment":[{"href":"https:\/\/shop.wagnersystem.ch\/fr\/wp-json\/wp\/v2\/media?parent=1221"}],"wp:term":[{"taxonomy":"product_brand","embeddable":true,"href":"https:\/\/shop.wagnersystem.ch\/fr\/wp-json\/wp\/v2\/product_brand?post=1221"},{"taxonomy":"product_cat","embeddable":true,"href":"https:\/\/shop.wagnersystem.ch\/fr\/wp-json\/wp\/v2\/product_cat?post=1221"},{"taxonomy":"product_tag","embeddable":true,"href":"https:\/\/shop.wagnersystem.ch\/fr\/wp-json\/wp\/v2\/product_tag?post=1221"}],"curies":[{"name":"wp","href":"https:\/\/api.w.org\/{rel}","templated":true}]}}